{"id":504,"date":"2024-01-24T13:17:09","date_gmt":"2024-01-24T12:17:09","guid":{"rendered":"http:\/\/asciburgia.org\/asoadmin\/?page_id=504"},"modified":"2025-09-23T14:41:29","modified_gmt":"2025-09-23T12:41:29","slug":"impressum","status":"publish","type":"page","link":"https:\/\/asciburgia.org\/asoadmin\/?page_id=504","title":{"rendered":"Impressum"},"content":{"rendered":"\t\t<div data-elementor-type=\"wp-page\" data-elementor-id=\"504\" class=\"elementor elementor-504\">\n\t\t\t\t\t\t\t\t\t<section class=\"elementor-section elementor-top-section elementor-element elementor-element-732d612 elementor-section-boxed elementor-section-height-default elementor-section-height-default\" data-id=\"732d612\" data-element_type=\"section\">\n\t\t\t\t\t\t<div class=\"elementor-container elementor-column-gap-default\">\n\t\t\t\t\t<div class=\"elementor-column elementor-col-100 elementor-top-column elementor-element elementor-element-88830d4\" data-id=\"88830d4\" data-element_type=\"column\">\n\t\t\t<div class=\"elementor-widget-wrap elementor-element-populated\">\n\t\t\t\t\t\t\t\t\t<\/div>\n\t\t<\/div>\n\t\t\t\t\t\t\t<\/div>\n\t\t<\/section>\n\t\t\t\t<section class=\"elementor-section elementor-top-section elementor-element elementor-element-98d0678 elementor-section-boxed elementor-section-height-default elementor-section-height-default\" data-id=\"98d0678\" data-element_type=\"section\">\n\t\t\t\t\t\t<div class=\"elementor-container elementor-column-gap-default\">\n\t\t\t\t\t<div class=\"elementor-column elementor-col-100 elementor-top-column elementor-element elementor-element-f682430\" data-id=\"f682430\" data-element_type=\"column\">\n\t\t\t<div class=\"elementor-widget-wrap elementor-element-populated\">\n\t\t\t\t\t\t\t\t<div class=\"elementor-element elementor-element-232928d elementor-widget elementor-widget-text-editor\" data-id=\"232928d\" data-element_type=\"widget\" data-widget_type=\"text-editor.default\">\n\t\t\t\t<div class=\"elementor-widget-container\">\n\t\t\t\t\t\t\t<p class=\"adsimple-121887007\">Informationspflicht laut \u00a75 E-Commerce<br>Gesetz, \u00a714 Unternehmensgesetzbuch, \u00a763 Gewerbeordnung und<br>Offenlegungspflicht laut \u00a725 Mediengesetz.<\/p>\n<p class=\"adsimple-121887007\">K.\u00d6.St.V. Asciburgia Obersch\u00fctzen<\/p>\n<p class=\"adsimple-121887007\">Sch\u00fctzenstra\u00dfe 12, <br>7432 Obersch\u00fctzen, <br>\u00d6sterreich<\/p>\n<p><strong>ZVR-Zahl 301706762<\/strong><\/p>\n<p class=\"adsimple-121887007\">E-Mail: asciburgia(at)gmail.com&nbsp;<br><\/p>\n<h2 id=\"eu-streitschlichtung\" class=\"adsimple-121887007\">EU-Streitschlichtung<\/h2>\n<p>Gem\u00e4\u00df Verordnung \u00fcber Online-Streitbeilegung in<br>Verbraucherangelegenheiten (ODR-Verordnung) m\u00f6chten wir Sie \u00fcber die<br>Online-Streitbeilegungsplattform (OS-Plattform) informieren.<br>Verbraucher haben die M\u00f6glichkeit, Beschwerden an die Online Streitbeilegungsplattform der Europ\u00e4ischen Kommission unter <a class=\"adsimple-121887007\" href=\"https:\/\/ec.europa.eu\/consumers\/odr\/main\/index.cfm?event=main.home2.show&amp;lng=DE\" target=\"_blank\" rel=\"noopener\">http:\/\/ec.europa.eu\/odr?tid=121887007<\/a> zu richten. Die daf\u00fcr notwendigen Kontaktdaten finden Sie oberhalb in unserem Impressum.<\/p>\n<p>Wir m\u00f6chten Sie jedoch darauf hinweisen, dass wir nicht bereit oder<br>verpflichtet sind, an Streitbeilegungsverfahren vor einer<br>Verbraucherschlichtungsstelle teilzunehmen.<\/p>\n<h2 id=\"haftung-fuer-inhalte-dieser-webseite\" class=\"adsimple-121887007\">Haftung f\u00fcr Inhalte dieser Website<\/h2>\n<p>Wir entwickeln die Inhalte dieser Webseite st\u00e4ndig weiter und bem\u00fchen<br> uns korrekte und aktuelle Informationen bereitzustellen. &nbsp;Leider k\u00f6nnen<br> wir keine Haftung f\u00fcr die Korrektheit aller Inhalte auf dieser Website<br>\u00fcbernehmen, speziell f\u00fcr jene, die seitens Dritter bereitgestellt<br>wurden. Als Diensteanbieter sind wir nicht verpflichtet, die von ihnen<br>\u00fcbermittelten oder gespeicherten Informationen zu \u00fcberwachen oder nach<br>Umst\u00e4nden zu forschen, die auf eine rechtswidrige T\u00e4tigkeit hinweisen.<\/p>\n<p>Unsere Verpflichtungen zur Entfernung von Informationen oder zur<br>Sperrung der Nutzung von Informationen nach den allgemeinen Gesetzen<br>aufgrund von gerichtlichen oder beh\u00f6rdlichen Anordnungen bleiben auch im<br> Falle unserer Nichtverantwortlichkeit davon unber\u00fchrt.<\/p>\n<p>Sollten Ihnen problematische oder rechtswidrige Inhalte auffallen,<br>bitte wir Sie uns umgehend zu kontaktieren, damit wir die rechtswidrigen<br> Inhalte entfernen k\u00f6nnen. Sie finden die Kontaktdaten im Impressum.<\/p>\n<h2 id=\"haftung-links-webseite\" class=\"adsimple-121887007\">Haftung f\u00fcr Links auf dieser Webseite<\/h2>\n<p>Unsere Webseite enth\u00e4lt Links zu anderen Webseiten f\u00fcr deren Inhalt<br>wir nicht verantwortlich sind. Haftung f\u00fcr verlinkte Websites besteht<br>f\u00fcr uns nicht, da wir keine Kenntnis rechtswidriger T\u00e4tigkeiten hatten<br>und haben, uns solche Rechtswidrigkeiten auch bisher nicht aufgefallen<br>sind und wir Links sofort entfernen w\u00fcrden, wenn uns Rechtswidrigkeiten<br>bekannt werden.<\/p>\n<p>Wenn Ihnen rechtswidrige Links auf unserer Website auffallen, bitte<br>wir Sie uns zu kontaktieren. Sie finden die Kontaktdaten im Impressum.<\/p>\n<h2 id=\"urheberrechtshinweis\" class=\"adsimple-121887007\">Urheberrechtshinweis<\/h2>\n<p>Alle Inhalte dieser Webseite (Bilder, Fotos, Texte, Videos)<br>unterliegen dem Urheberrecht. Bitte fragen Sie uns bevor Sie die Inhalte<br> dieser Website verbreiten, vervielf\u00e4ltigen oder verwerten wie zum<br>Beispiel auf anderen Websites erneut ver\u00f6ffentlichen. Falls notwendig,<br>werden wir die unerlaubte Nutzung von Teilen der Inhalte unserer Seite<br>rechtlich verfolgen.<\/p>\n<p>Sollten Sie auf dieser Webseite Inhalte finden, die das Urheberrecht verletzen, bitten wir Sie uns zu kontaktieren.<\/p>\n<p>Alle Texte sind urheberrechtlich gesch\u00fctzt.<\/p><div><br><\/div><div><br><\/div>\t\t\t\t\t\t<\/div>\n\t\t\t\t<\/div>\n\t\t\t\t\t<\/div>\n\t\t<\/div>\n\t\t\t\t\t\t\t<\/div>\n\t\t<\/section>\n\t\t\t\t\t\t\t<\/div>\n\t\t","protected":false},"excerpt":{"rendered":"<p>Informationspflicht laut \u00a75 E-CommerceGesetz, \u00a714 Unternehmensgesetzbuch, \u00a763 Gewerbeordnung undOffenlegungspflicht laut \u00a725 Mediengesetz. K.\u00d6.St.V. Asciburgia Obersch\u00fctzen Sch\u00fctzenstra\u00dfe 12, 7432 Obersch\u00fctzen, \u00d6sterreich ZVR-Zahl 301706762 E-Mail: asciburgia(at)gmail.com&nbsp; EU-Streitschlichtung Gem\u00e4\u00df Verordnung \u00fcber Online-Streitbeilegung inVerbraucherangelegenheiten (ODR-Verordnung) m\u00f6chten wir Sie \u00fcber dieOnline-Streitbeilegungsplattform (OS-Plattform) informieren.Verbraucher haben die M\u00f6glichkeit, Beschwerden an die Online Streitbeilegungsplattform der Europ\u00e4ischen Kommission unter [&hellip;]<\/p>\n","protected":false},"author":1,"featured_media":0,"parent":0,"menu_order":0,"comment_status":"closed","ping_status":"closed","template":"","meta":{"_themeisle_gutenberg_block_has_review":false,"footnotes":""},"_links":{"self":[{"href":"https:\/\/asciburgia.org\/asoadmin\/index.php?rest_route=\/wp\/v2\/pages\/504"}],"collection":[{"href":"https:\/\/asciburgia.org\/asoadmin\/index.php?rest_route=\/wp\/v2\/pages"}],"about":[{"href":"https:\/\/asciburgia.org\/asoadmin\/index.php?rest_route=\/wp\/v2\/types\/page"}],"author":[{"embeddable":true,"href":"https:\/\/asciburgia.org\/asoadmin\/index.php?rest_route=\/wp\/v2\/users\/1"}],"replies":[{"embeddable":true,"href":"https:\/\/asciburgia.org\/asoadmin\/index.php?rest_route=%2Fwp%2Fv2%2Fcomments&post=504"}],"version-history":[{"count":16,"href":"https:\/\/asciburgia.org\/asoadmin\/index.php?rest_route=\/wp\/v2\/pages\/504\/revisions"}],"predecessor-version":[{"id":1431,"href":"https:\/\/asciburgia.org\/asoadmin\/index.php?rest_route=\/wp\/v2\/pages\/504\/revisions\/1431"}],"wp:attachment":[{"href":"https:\/\/asciburgia.org\/asoadmin\/index.php?rest_route=%2Fwp%2Fv2%2Fmedia&parent=504"}],"curies":[{"name":"wp","href":"https:\/\/api.w.org\/{rel}","templated":true}]}}