{"id":233,"date":"2019-02-25T12:22:51","date_gmt":"2019-02-25T11:22:51","guid":{"rendered":"http:\/\/asciburgia.org\/asoadmin\/?page_id=233"},"modified":"2021-09-07T14:23:43","modified_gmt":"2021-09-07T12:23:43","slug":"asciburgen-ruf","status":"publish","type":"page","link":"https:\/\/asciburgia.org\/asoadmin\/?page_id=233","title":{"rendered":"ASCIBURGEN-ruf"},"content":{"rendered":"\t\t<div data-elementor-type=\"wp-post\" data-elementor-id=\"233\" class=\"elementor elementor-233 elementor-bc-flex-widget\">\n\t\t\t\t\t\t\t\t\t<section class=\"elementor-section elementor-top-section elementor-element elementor-element-278312f elementor-section-boxed elementor-section-height-default elementor-section-height-default\" data-id=\"278312f\" data-element_type=\"section\">\n\t\t\t\t\t\t<div class=\"elementor-container elementor-column-gap-default\">\n\t\t\t\t\t<div class=\"elementor-column elementor-col-50 elementor-top-column elementor-element elementor-element-4399bcc\" data-id=\"4399bcc\" data-element_type=\"column\">\n\t\t\t<div class=\"elementor-widget-wrap elementor-element-populated\">\n\t\t\t\t\t\t\t\t<div class=\"elementor-element elementor-element-2caa4d6 elementor-widget elementor-widget-image\" data-id=\"2caa4d6\" data-element_type=\"widget\" data-widget_type=\"image.default\">\n\t\t\t\t<div class=\"elementor-widget-container\">\n\t\t\t\t\t\t\t\t\t\t\t\t\t\t\t<img fetchpriority=\"high\" decoding=\"async\" width=\"750\" height=\"334\" src=\"https:\/\/asciburgia.org\/asoadmin\/wp-content\/uploads\/2019\/02\/schriftzug-1024x456.png\" class=\"attachment-large size-large wp-image-301\" alt=\"\" srcset=\"https:\/\/asciburgia.org\/asoadmin\/wp-content\/uploads\/2019\/02\/schriftzug-1024x456.png 1024w, https:\/\/asciburgia.org\/asoadmin\/wp-content\/uploads\/2019\/02\/schriftzug-600x267.png 600w, https:\/\/asciburgia.org\/asoadmin\/wp-content\/uploads\/2019\/02\/schriftzug-300x133.png 300w, https:\/\/asciburgia.org\/asoadmin\/wp-content\/uploads\/2019\/02\/schriftzug-768x342.png 768w, https:\/\/asciburgia.org\/asoadmin\/wp-content\/uploads\/2019\/02\/schriftzug.png 1209w\" sizes=\"(max-width: 750px) 100vw, 750px\" \/>\t\t\t\t\t\t\t\t\t\t\t\t\t\t\t<\/div>\n\t\t\t\t<\/div>\n\t\t\t\t\t<\/div>\n\t\t<\/div>\n\t\t\t\t<div class=\"elementor-column elementor-col-50 elementor-top-column elementor-element elementor-element-cfdb93b\" data-id=\"cfdb93b\" data-element_type=\"column\">\n\t\t\t<div class=\"elementor-widget-wrap elementor-element-populated\">\n\t\t\t\t\t\t\t\t<div class=\"elementor-element elementor-element-4233511 elementor-widget elementor-widget-text-editor\" data-id=\"4233511\" data-element_type=\"widget\" data-widget_type=\"text-editor.default\">\n\t\t\t\t<div class=\"elementor-widget-container\">\n\t\t\t\t\t\t\t<p>Der Asciburgenruf ist die Zeitung unserer Studentenverbindung. Sie erscheint einmal im Semester und widmet sich spannenden Themen. Nun gibt es auch die M\u00f6glichkeit, den Asciburgenruf online zu lesen. Viel Spa\u00df!<\/p>\t\t\t\t\t\t<\/div>\n\t\t\t\t<\/div>\n\t\t\t\t\t<\/div>\n\t\t<\/div>\n\t\t\t\t\t\t\t<\/div>\n\t\t<\/section>\n\t\t\t\t<section class=\"elementor-section elementor-top-section elementor-element elementor-element-e80e0ff elementor-section-boxed elementor-section-height-default elementor-section-height-default\" data-id=\"e80e0ff\" data-element_type=\"section\">\n\t\t\t\t\t\t<div class=\"elementor-container elementor-column-gap-default\">\n\t\t\t\t\t<div class=\"elementor-column elementor-col-100 elementor-top-column elementor-element elementor-element-d6f1eca\" data-id=\"d6f1eca\" data-element_type=\"column\">\n\t\t\t<div class=\"elementor-widget-wrap elementor-element-populated\">\n\t\t\t\t\t\t\t\t<div class=\"elementor-element elementor-element-ebe1a8d elementor-widget elementor-widget-spacer\" data-id=\"ebe1a8d\" data-element_type=\"widget\" data-widget_type=\"spacer.default\">\n\t\t\t\t<div class=\"elementor-widget-container\">\n\t\t\t\t\t<div class=\"elementor-spacer\">\n\t\t\t<div class=\"elementor-spacer-inner\"><\/div>\n\t\t<\/div>\n\t\t\t\t<\/div>\n\t\t\t\t<\/div>\n\t\t\t\t\t<\/div>\n\t\t<\/div>\n\t\t\t\t\t\t\t<\/div>\n\t\t<\/section>\n\t\t\t\t<section class=\"elementor-section elementor-top-section elementor-element elementor-element-23b9eeb elementor-section-boxed elementor-section-height-default elementor-section-height-default\" data-id=\"23b9eeb\" data-element_type=\"section\">\n\t\t\t\t\t\t<div class=\"elementor-container elementor-column-gap-default\">\n\t\t\t\t\t<div class=\"elementor-column elementor-col-25 elementor-top-column elementor-element elementor-element-afb6532\" data-id=\"afb6532\" data-element_type=\"column\">\n\t\t\t<div class=\"elementor-widget-wrap elementor-element-populated\">\n\t\t\t\t\t\t\t\t<div class=\"elementor-element elementor-element-450585e elementor-widget elementor-widget-image\" data-id=\"450585e\" data-element_type=\"widget\" data-widget_type=\"image.default\">\n\t\t\t\t<div class=\"elementor-widget-container\">\n\t\t\t\t\t\t\t\t\t\t\t\t\t\t\t\t<a href=\"https:\/\/asciburgia.org\/asoadmin\/wp-content\/uploads\/2019\/03\/01_ASORUF_WS_17.pdf\">\n\t\t\t\t\t\t\t<img decoding=\"async\" width=\"218\" height=\"300\" src=\"https:\/\/asciburgia.org\/asoadmin\/wp-content\/uploads\/2019\/03\/01_ASORUF_WS_17-1-218x300.png\" class=\"attachment-medium size-medium wp-image-314\" alt=\"\" srcset=\"https:\/\/asciburgia.org\/asoadmin\/wp-content\/uploads\/2019\/03\/01_ASORUF_WS_17-1-218x300.png 218w, https:\/\/asciburgia.org\/asoadmin\/wp-content\/uploads\/2019\/03\/01_ASORUF_WS_17-1-600x825.png 600w, https:\/\/asciburgia.org\/asoadmin\/wp-content\/uploads\/2019\/03\/01_ASORUF_WS_17-1-768x1057.png 768w, https:\/\/asciburgia.org\/asoadmin\/wp-content\/uploads\/2019\/03\/01_ASORUF_WS_17-1-744x1024.png 744w, https:\/\/asciburgia.org\/asoadmin\/wp-content\/uploads\/2019\/03\/01_ASORUF_WS_17-1-1024x1409.png 1024w, https:\/\/asciburgia.org\/asoadmin\/wp-content\/uploads\/2019\/03\/01_ASORUF_WS_17-1-785x1080.png 785w\" sizes=\"(max-width: 218px) 100vw, 218px\" \/>\t\t\t\t\t\t\t\t<\/a>\n\t\t\t\t\t\t\t\t\t\t\t\t\t\t\t<\/div>\n\t\t\t\t<\/div>\n\t\t\t\t<div class=\"elementor-element elementor-element-e30f693 elementor-widget elementor-widget-text-editor\" data-id=\"e30f693\" data-element_type=\"widget\" data-widget_type=\"text-editor.default\">\n\t\t\t\t<div class=\"elementor-widget-container\">\n\t\t\t\t\t\t\t<h4><a href=\"https:\/\/asciburgia.org\/asoadmin\/wp-content\/uploads\/2019\/03\/01_ASORUF_WS_17.pdf\">ASCIBURGENRUF<\/a><br \/><a href=\"https:\/\/asciburgia.org\/asoadmin\/wp-content\/uploads\/2019\/03\/01_ASORUF_WS_17.pdf\">Wintersemester 2017\/18<\/a><\/h4><p>In dieser Ausgabe liegt der Fokus auf den gro\u00dfen Ver\u00e4nderungen der letzten Jahre, unter anderem mit Berichten \u00fcber die Budenumabuwochen, \u00fcber die neuen Statuten sowie die neue Gesch\u00e4ftsordnung.<\/p>\t\t\t\t\t\t<\/div>\n\t\t\t\t<\/div>\n\t\t\t\t\t<\/div>\n\t\t<\/div>\n\t\t\t\t<div class=\"elementor-column elementor-col-25 elementor-top-column elementor-element elementor-element-fd0e639\" data-id=\"fd0e639\" data-element_type=\"column\">\n\t\t\t<div class=\"elementor-widget-wrap elementor-element-populated\">\n\t\t\t\t\t\t\t\t<div class=\"elementor-element elementor-element-808dbe0 elementor-widget elementor-widget-image\" data-id=\"808dbe0\" data-element_type=\"widget\" data-widget_type=\"image.default\">\n\t\t\t\t<div class=\"elementor-widget-container\">\n\t\t\t\t\t\t\t\t\t\t\t\t\t\t\t\t<a href=\"https:\/\/asciburgia.org\/asoadmin\/wp-content\/uploads\/2019\/03\/02_ASORUF_SS_18.pdf\">\n\t\t\t\t\t\t\t<img decoding=\"async\" width=\"218\" height=\"300\" src=\"https:\/\/asciburgia.org\/asoadmin\/wp-content\/uploads\/2019\/03\/02_ASORUF_SS_18-1-218x300.png\" class=\"attachment-medium size-medium wp-image-315\" alt=\"\" srcset=\"https:\/\/asciburgia.org\/asoadmin\/wp-content\/uploads\/2019\/03\/02_ASORUF_SS_18-1-218x300.png 218w, https:\/\/asciburgia.org\/asoadmin\/wp-content\/uploads\/2019\/03\/02_ASORUF_SS_18-1-600x825.png 600w, https:\/\/asciburgia.org\/asoadmin\/wp-content\/uploads\/2019\/03\/02_ASORUF_SS_18-1-768x1057.png 768w, https:\/\/asciburgia.org\/asoadmin\/wp-content\/uploads\/2019\/03\/02_ASORUF_SS_18-1-744x1024.png 744w, https:\/\/asciburgia.org\/asoadmin\/wp-content\/uploads\/2019\/03\/02_ASORUF_SS_18-1-1024x1409.png 1024w, https:\/\/asciburgia.org\/asoadmin\/wp-content\/uploads\/2019\/03\/02_ASORUF_SS_18-1-785x1080.png 785w\" sizes=\"(max-width: 218px) 100vw, 218px\" \/>\t\t\t\t\t\t\t\t<\/a>\n\t\t\t\t\t\t\t\t\t\t\t\t\t\t\t<\/div>\n\t\t\t\t<\/div>\n\t\t\t\t<div class=\"elementor-element elementor-element-2ab25ec elementor-widget elementor-widget-text-editor\" data-id=\"2ab25ec\" data-element_type=\"widget\" data-widget_type=\"text-editor.default\">\n\t\t\t\t<div class=\"elementor-widget-container\">\n\t\t\t\t\t\t\t<h4><a href=\"https:\/\/asciburgia.org\/asoadmin\/wp-content\/uploads\/2019\/03\/01_ASORUF_WS_17.pdf\">ASCIBURGENRUF<\/a><br \/><a href=\"https:\/\/asciburgia.org\/asoadmin\/wp-content\/uploads\/2019\/03\/01_ASORUF_WS_17.pdf\">Sommersemester 2018<\/a><\/h4><p>In dieser Ausgabe d\u00fcrfen wir auf ein sehr erfolgreiches Wintersemester zur\u00fcckblicken. Mit dieser Ausgabe des Asciburgenrufs wird eine neue Rubrik eingef\u00fchrt, in der Bundesbr\u00fcder, die schon l\u00e4nger nicht mehr auf unserer Bude zu Besuch waren, \u00fcber ihre damalige Zeit als Aktiver Bursch berichten k\u00f6nnen &#8211; diesmal mit Bbr. Reinhold Lopatka.<\/p>\t\t\t\t\t\t<\/div>\n\t\t\t\t<\/div>\n\t\t\t\t\t<\/div>\n\t\t<\/div>\n\t\t\t\t<div class=\"elementor-column elementor-col-25 elementor-top-column elementor-element elementor-element-c028f3d\" data-id=\"c028f3d\" data-element_type=\"column\">\n\t\t\t<div class=\"elementor-widget-wrap elementor-element-populated\">\n\t\t\t\t\t\t\t\t<div class=\"elementor-element elementor-element-2ad0ec5 elementor-widget elementor-widget-image\" data-id=\"2ad0ec5\" data-element_type=\"widget\" data-widget_type=\"image.default\">\n\t\t\t\t<div class=\"elementor-widget-container\">\n\t\t\t\t\t\t\t\t\t\t\t\t\t\t\t\t<a href=\"https:\/\/asciburgia.org\/asoadmin\/wp-content\/uploads\/2019\/03\/03_ASORUF_WS_18.pdf\">\n\t\t\t\t\t\t\t<img loading=\"lazy\" decoding=\"async\" width=\"219\" height=\"300\" src=\"https:\/\/asciburgia.org\/asoadmin\/wp-content\/uploads\/2019\/03\/03_ASORUF_WS_18-1-219x300.png\" class=\"attachment-medium size-medium wp-image-316\" alt=\"\" srcset=\"https:\/\/asciburgia.org\/asoadmin\/wp-content\/uploads\/2019\/03\/03_ASORUF_WS_18-1-219x300.png 219w, https:\/\/asciburgia.org\/asoadmin\/wp-content\/uploads\/2019\/03\/03_ASORUF_WS_18-1-600x822.png 600w, https:\/\/asciburgia.org\/asoadmin\/wp-content\/uploads\/2019\/03\/03_ASORUF_WS_18-1-768x1052.png 768w, https:\/\/asciburgia.org\/asoadmin\/wp-content\/uploads\/2019\/03\/03_ASORUF_WS_18-1-747x1024.png 747w, https:\/\/asciburgia.org\/asoadmin\/wp-content\/uploads\/2019\/03\/03_ASORUF_WS_18-1-1024x1403.png 1024w, https:\/\/asciburgia.org\/asoadmin\/wp-content\/uploads\/2019\/03\/03_ASORUF_WS_18-1-788x1080.png 788w\" sizes=\"(max-width: 219px) 100vw, 219px\" \/>\t\t\t\t\t\t\t\t<\/a>\n\t\t\t\t\t\t\t\t\t\t\t\t\t\t\t<\/div>\n\t\t\t\t<\/div>\n\t\t\t\t<div class=\"elementor-element elementor-element-e4f639a elementor-widget elementor-widget-text-editor\" data-id=\"e4f639a\" data-element_type=\"widget\" data-widget_type=\"text-editor.default\">\n\t\t\t\t<div class=\"elementor-widget-container\">\n\t\t\t\t\t\t\t<h4><a href=\"https:\/\/asciburgia.org\/asoadmin\/wp-content\/uploads\/2019\/03\/01_ASORUF_WS_17.pdf\">ASCIBURGENRUF<\/a><br \/><a href=\"https:\/\/asciburgia.org\/asoadmin\/wp-content\/uploads\/2019\/03\/01_ASORUF_WS_17.pdf\">Wintersemester 2018\/19<\/a><\/h4><p>In dieser Ausgabe des Asciburgenrufs blickt Bbr. Romeo auf seine Aktivenzeit zur\u00fcck und Tauriscia blickt auf ihr 60. Stiftungsfest zur\u00fcck.<\/p><p>Obersch\u00fctzen ist f\u00fcr viele ein magischer Ort. Was wir Asciburgen und andere Couleurstudenten mit Obersch\u00fctzen verbinden wird in dieser Ausgabe aufgezeigt.<\/p>\t\t\t\t\t\t<\/div>\n\t\t\t\t<\/div>\n\t\t\t\t\t<\/div>\n\t\t<\/div>\n\t\t\t\t<div class=\"elementor-column elementor-col-25 elementor-top-column elementor-element elementor-element-f46bd12\" data-id=\"f46bd12\" data-element_type=\"column\">\n\t\t\t<div class=\"elementor-widget-wrap elementor-element-populated\">\n\t\t\t\t\t\t\t\t<div class=\"elementor-element elementor-element-0473034 elementor-widget elementor-widget-image\" data-id=\"0473034\" data-element_type=\"widget\" data-widget_type=\"image.default\">\n\t\t\t\t<div class=\"elementor-widget-container\">\n\t\t\t\t\t\t\t\t\t\t\t\t\t\t\t\t<a href=\"https:\/\/asciburgia.org\/asoadmin\/wp-content\/uploads\/2019\/03\/04_ASORUF_SS_19.pdf\">\n\t\t\t\t\t\t\t<img loading=\"lazy\" decoding=\"async\" width=\"219\" height=\"300\" src=\"https:\/\/asciburgia.org\/asoadmin\/wp-content\/uploads\/2019\/03\/ASORUF_SS_19-219x300.png\" class=\"attachment-medium size-medium wp-image-317\" alt=\"\" srcset=\"https:\/\/asciburgia.org\/asoadmin\/wp-content\/uploads\/2019\/03\/ASORUF_SS_19-219x300.png 219w, https:\/\/asciburgia.org\/asoadmin\/wp-content\/uploads\/2019\/03\/ASORUF_SS_19-600x822.png 600w, https:\/\/asciburgia.org\/asoadmin\/wp-content\/uploads\/2019\/03\/ASORUF_SS_19-768x1052.png 768w, https:\/\/asciburgia.org\/asoadmin\/wp-content\/uploads\/2019\/03\/ASORUF_SS_19-747x1024.png 747w, https:\/\/asciburgia.org\/asoadmin\/wp-content\/uploads\/2019\/03\/ASORUF_SS_19-1024x1403.png 1024w, https:\/\/asciburgia.org\/asoadmin\/wp-content\/uploads\/2019\/03\/ASORUF_SS_19-788x1080.png 788w\" sizes=\"(max-width: 219px) 100vw, 219px\" \/>\t\t\t\t\t\t\t\t<\/a>\n\t\t\t\t\t\t\t\t\t\t\t\t\t\t\t<\/div>\n\t\t\t\t<\/div>\n\t\t\t\t<div class=\"elementor-element elementor-element-b9dabcb elementor-widget elementor-widget-text-editor\" data-id=\"b9dabcb\" data-element_type=\"widget\" data-widget_type=\"text-editor.default\">\n\t\t\t\t<div class=\"elementor-widget-container\">\n\t\t\t\t\t\t\t<h4><a href=\"https:\/\/asciburgia.org\/asoadmin\/wp-content\/uploads\/2019\/03\/01_ASORUF_WS_17.pdf\">ASCIBURGENRUF<\/a><br \/><a href=\"https:\/\/asciburgia.org\/asoadmin\/wp-content\/uploads\/2019\/03\/01_ASORUF_WS_17.pdf\">Sommersemester 2019<\/a><\/h4><p>In dieser Ausgabe des Asciburgenrufs steht das Thema \u201eChrist sein\u201c im Mittelpunkt, mit Artikel von unseren Kartellbr\u00fcdern\u00a0 Gregor Jansen v. Phoebus und Lukas Mandl v. Lox.<br \/>Bbr. G\u00fcnther Ofner v. Hephaistos erinnert sich an seine Aktivenzeit zur\u00fcck.<\/p><p>Ebenso finden sich in dieser Ausgabe Neuigkeiten aus dem BMV und MKV.<\/p>\t\t\t\t\t\t<\/div>\n\t\t\t\t<\/div>\n\t\t\t\t\t<\/div>\n\t\t<\/div>\n\t\t\t\t\t\t\t<\/div>\n\t\t<\/section>\n\t\t\t\t<section class=\"elementor-section elementor-top-section elementor-element elementor-element-8f010e0 elementor-section-boxed elementor-section-height-default elementor-section-height-default\" data-id=\"8f010e0\" data-element_type=\"section\">\n\t\t\t\t\t\t<div class=\"elementor-container elementor-column-gap-default\">\n\t\t\t\t\t<div class=\"elementor-column elementor-col-25 elementor-top-column elementor-element elementor-element-91fb341\" data-id=\"91fb341\" data-element_type=\"column\">\n\t\t\t<div class=\"elementor-widget-wrap elementor-element-populated\">\n\t\t\t\t\t\t\t\t<div class=\"elementor-element elementor-element-8a36bc0 elementor-widget elementor-widget-image\" data-id=\"8a36bc0\" data-element_type=\"widget\" data-widget_type=\"image.default\">\n\t\t\t\t<div class=\"elementor-widget-container\">\n\t\t\t\t\t\t\t\t\t\t\t\t\t\t\t\t<a href=\"https:\/\/asciburgia.org\/asoadmin\/wp-content\/uploads\/2019\/09\/05_ASORUF_WS_19.pdf\">\n\t\t\t\t\t\t\t<img loading=\"lazy\" decoding=\"async\" width=\"212\" height=\"300\" src=\"https:\/\/asciburgia.org\/asoadmin\/wp-content\/uploads\/2019\/09\/03_ASORUF_WS_19-212x300.png\" class=\"attachment-medium size-medium wp-image-340\" alt=\"\" srcset=\"https:\/\/asciburgia.org\/asoadmin\/wp-content\/uploads\/2019\/09\/03_ASORUF_WS_19-212x300.png 212w, https:\/\/asciburgia.org\/asoadmin\/wp-content\/uploads\/2019\/09\/03_ASORUF_WS_19-600x848.png 600w, https:\/\/asciburgia.org\/asoadmin\/wp-content\/uploads\/2019\/09\/03_ASORUF_WS_19.png 605w\" sizes=\"(max-width: 212px) 100vw, 212px\" \/>\t\t\t\t\t\t\t\t<\/a>\n\t\t\t\t\t\t\t\t\t\t\t\t\t\t\t<\/div>\n\t\t\t\t<\/div>\n\t\t\t\t<div class=\"elementor-element elementor-element-1892c3a elementor-widget elementor-widget-text-editor\" data-id=\"1892c3a\" data-element_type=\"widget\" data-widget_type=\"text-editor.default\">\n\t\t\t\t<div class=\"elementor-widget-container\">\n\t\t\t\t\t\t\t<h4><a href=\"https:\/\/asciburgia.org\/asoadmin\/wp-content\/uploads\/2019\/09\/05_ASORUF_WS_19.pdf\">ASCIBURGENRUF<\/a><br \/><a href=\"https:\/\/asciburgia.org\/asoadmin\/wp-content\/uploads\/2019\/09\/05_ASORUF_WS_19.pdf\">Wintersemester 2019\/20<\/a><\/h4><p>In dieser Ausgabe steht nicht nur das Jubil\u00e4um des Verbindungshauses im Mittelpunkt, welches uns mittlerweile schon seit 10 Jahren ein tolles Zuhause gibt. Auch das Thema Couleurstudententum wird durch verschiedene Blickwinkel beleuchtet und regt zur Horizonterweiterung an.<\/p>\t\t\t\t\t\t<\/div>\n\t\t\t\t<\/div>\n\t\t\t\t\t<\/div>\n\t\t<\/div>\n\t\t\t\t<div class=\"elementor-column elementor-col-25 elementor-top-column elementor-element elementor-element-97d66b9\" data-id=\"97d66b9\" data-element_type=\"column\">\n\t\t\t<div class=\"elementor-widget-wrap elementor-element-populated\">\n\t\t\t\t\t\t\t\t<div class=\"elementor-element elementor-element-1506e31 elementor-widget elementor-widget-image\" data-id=\"1506e31\" data-element_type=\"widget\" data-widget_type=\"image.default\">\n\t\t\t\t<div class=\"elementor-widget-container\">\n\t\t\t\t\t\t\t\t\t\t\t\t\t\t\t\t<a href=\"https:\/\/asciburgia.org\/asoadmin\/wp-content\/uploads\/2021\/09\/06_ASORUF_SS_21.pdf\">\n\t\t\t\t\t\t\t<img loading=\"lazy\" decoding=\"async\" width=\"212\" height=\"300\" src=\"https:\/\/asciburgia.org\/asoadmin\/wp-content\/uploads\/2021\/09\/06_ASORUF_SS_21-Page-1-212x300.jpg\" class=\"attachment-medium size-medium wp-image-385\" alt=\"\" srcset=\"https:\/\/asciburgia.org\/asoadmin\/wp-content\/uploads\/2021\/09\/06_ASORUF_SS_21-Page-1-212x300.jpg 212w, https:\/\/asciburgia.org\/asoadmin\/wp-content\/uploads\/2021\/09\/06_ASORUF_SS_21-Page-1-600x848.jpg 600w, https:\/\/asciburgia.org\/asoadmin\/wp-content\/uploads\/2021\/09\/06_ASORUF_SS_21-Page-1-768x1085.jpg 768w, https:\/\/asciburgia.org\/asoadmin\/wp-content\/uploads\/2021\/09\/06_ASORUF_SS_21-Page-1-725x1024.jpg 725w, https:\/\/asciburgia.org\/asoadmin\/wp-content\/uploads\/2021\/09\/06_ASORUF_SS_21-Page-1-1024x1447.jpg 1024w, https:\/\/asciburgia.org\/asoadmin\/wp-content\/uploads\/2021\/09\/06_ASORUF_SS_21-Page-1-764x1080.jpg 764w, https:\/\/asciburgia.org\/asoadmin\/wp-content\/uploads\/2021\/09\/06_ASORUF_SS_21-Page-1.jpg 1449w\" sizes=\"(max-width: 212px) 100vw, 212px\" \/>\t\t\t\t\t\t\t\t<\/a>\n\t\t\t\t\t\t\t\t\t\t\t\t\t\t\t<\/div>\n\t\t\t\t<\/div>\n\t\t\t\t<div class=\"elementor-element elementor-element-400ef80 elementor-widget elementor-widget-text-editor\" data-id=\"400ef80\" data-element_type=\"widget\" data-widget_type=\"text-editor.default\">\n\t\t\t\t<div class=\"elementor-widget-container\">\n\t\t\t\t\t\t\t<h4><a href=\"https:\/\/asciburgia.org\/asoadmin\/wp-content\/uploads\/2021\/09\/06_ASORUF_SS_21.pdf\">ASCIBURGENRUF Sommersemester 2021<\/a><\/h4><p>Diese Ausgabe gibt Einblick in das couleurstudentische Leben w\u00e4hrend der verschiedenen Lockdowns. Au\u00dferdem erinnert sich in dieser Ausgabe Christoph Konrath v. Otto an seine Burschenzeit zur\u00fcck.<\/p>\t\t\t\t\t\t<\/div>\n\t\t\t\t<\/div>\n\t\t\t\t\t<\/div>\n\t\t<\/div>\n\t\t\t\t<div class=\"elementor-column elementor-col-25 elementor-top-column elementor-element elementor-element-9bf7fd7\" data-id=\"9bf7fd7\" data-element_type=\"column\">\n\t\t\t<div class=\"elementor-widget-wrap elementor-element-populated\">\n\t\t\t\t\t\t\t\t<div class=\"elementor-element elementor-element-8297fe3 elementor-widget elementor-widget-image\" data-id=\"8297fe3\" data-element_type=\"widget\" data-widget_type=\"image.default\">\n\t\t\t\t<div class=\"elementor-widget-container\">\n\t\t\t\t\t\t\t\t\t\t\t\t\t\t\t\t<a href=\"https:\/\/asciburgia.org\/asoadmin\/wp-content\/uploads\/2021\/09\/07_ASORUF_WS_21.pdf\">\n\t\t\t\t\t\t\t<img loading=\"lazy\" decoding=\"async\" width=\"212\" height=\"300\" src=\"https:\/\/asciburgia.org\/asoadmin\/wp-content\/uploads\/2021\/09\/07_ASORUF_WS_21-Page-1-212x300.jpg\" class=\"attachment-medium size-medium wp-image-394\" alt=\"\" srcset=\"https:\/\/asciburgia.org\/asoadmin\/wp-content\/uploads\/2021\/09\/07_ASORUF_WS_21-Page-1-212x300.jpg 212w, https:\/\/asciburgia.org\/asoadmin\/wp-content\/uploads\/2021\/09\/07_ASORUF_WS_21-Page-1-600x848.jpg 600w, https:\/\/asciburgia.org\/asoadmin\/wp-content\/uploads\/2021\/09\/07_ASORUF_WS_21-Page-1-768x1085.jpg 768w, https:\/\/asciburgia.org\/asoadmin\/wp-content\/uploads\/2021\/09\/07_ASORUF_WS_21-Page-1-725x1024.jpg 725w, https:\/\/asciburgia.org\/asoadmin\/wp-content\/uploads\/2021\/09\/07_ASORUF_WS_21-Page-1-1024x1447.jpg 1024w, https:\/\/asciburgia.org\/asoadmin\/wp-content\/uploads\/2021\/09\/07_ASORUF_WS_21-Page-1-764x1080.jpg 764w, https:\/\/asciburgia.org\/asoadmin\/wp-content\/uploads\/2021\/09\/07_ASORUF_WS_21-Page-1.jpg 1449w\" sizes=\"(max-width: 212px) 100vw, 212px\" \/>\t\t\t\t\t\t\t\t<\/a>\n\t\t\t\t\t\t\t\t\t\t\t\t\t\t\t<\/div>\n\t\t\t\t<\/div>\n\t\t\t\t<div class=\"elementor-element elementor-element-c5b0085 elementor-widget elementor-widget-text-editor\" data-id=\"c5b0085\" data-element_type=\"widget\" data-widget_type=\"text-editor.default\">\n\t\t\t\t<div class=\"elementor-widget-container\">\n\t\t\t\t\t\t\t<h4><a href=\"https:\/\/asciburgia.org\/asoadmin\/wp-content\/uploads\/2021\/09\/07_ASORUF_WS_21.pdf\">ASCIBURGENRUF<\/a><br \/><a href=\"https:\/\/asciburgia.org\/asoadmin\/wp-content\/uploads\/2021\/09\/07_ASORUF_WS_21.pdf\">Wintersemester 2021\/22<\/a><\/h4><p>In dieser Ausgabe blicken wir auf den Neustart in Obersch\u00fctzen, der durch die Coronakrise seinen Anfang genommen hat. Neue Veranstaltungen, neue Ideen, motivierte Bundesbr\u00fcder und Hausgeschwister!<\/p>\t\t\t\t\t\t<\/div>\n\t\t\t\t<\/div>\n\t\t\t\t\t<\/div>\n\t\t<\/div>\n\t\t\t\t<div class=\"elementor-column elementor-col-25 elementor-top-column elementor-element elementor-element-a651f56\" data-id=\"a651f56\" data-element_type=\"column\">\n\t\t\t<div class=\"elementor-widget-wrap\">\n\t\t\t\t\t\t\t\t\t<\/div>\n\t\t<\/div>\n\t\t\t\t\t\t\t<\/div>\n\t\t<\/section>\n\t\t\t\t<section class=\"elementor-section elementor-top-section elementor-element elementor-element-bfbfd6a elementor-section-boxed elementor-section-height-default elementor-section-height-default\" data-id=\"bfbfd6a\" data-element_type=\"section\">\n\t\t\t\t\t\t<div class=\"elementor-container elementor-column-gap-default\">\n\t\t\t\t\t<div class=\"elementor-column elementor-col-100 elementor-top-column elementor-element elementor-element-ff68b2f\" data-id=\"ff68b2f\" data-element_type=\"column\">\n\t\t\t<div class=\"elementor-widget-wrap elementor-element-populated\">\n\t\t\t\t\t\t\t\t<div class=\"elementor-element elementor-element-c60fbc1 elementor-widget elementor-widget-text-editor\" data-id=\"c60fbc1\" data-element_type=\"widget\" data-widget_type=\"text-editor.default\">\n\t\t\t\t<div class=\"elementor-widget-container\">\n\t\t\t\t\t\t\t<pre>Zum Lesen der Zeitschrift einfach auf das Cover tippen.<\/pre>\t\t\t\t\t\t<\/div>\n\t\t\t\t<\/div>\n\t\t\t\t\t<\/div>\n\t\t<\/div>\n\t\t\t\t\t\t\t<\/div>\n\t\t<\/section>\n\t\t\t\t<section class=\"elementor-section elementor-top-section elementor-element elementor-element-e1f0670 elementor-section-boxed elementor-section-height-default elementor-section-height-default\" data-id=\"e1f0670\" data-element_type=\"section\">\n\t\t\t\t\t\t<div class=\"elementor-container elementor-column-gap-default\">\n\t\t\t\t\t<div class=\"elementor-column elementor-col-100 elementor-top-column elementor-element elementor-element-dac2904\" data-id=\"dac2904\" data-element_type=\"column\">\n\t\t\t<div class=\"elementor-widget-wrap\">\n\t\t\t\t\t\t\t\t\t<\/div>\n\t\t<\/div>\n\t\t\t\t\t\t\t<\/div>\n\t\t<\/section>\n\t\t\t\t\t\t\t<\/div>\n\t\t","protected":false},"excerpt":{"rendered":"<p>Der Asciburgenruf ist die Zeitung unserer Studentenverbindung. Sie erscheint einmal im Semester und widmet sich spannenden Themen. Nun gibt es auch die M\u00f6glichkeit, den Asciburgenruf online zu lesen. Viel Spa\u00df! ASCIBURGENRUFWintersemester 2017\/18 In dieser Ausgabe liegt der Fokus auf den gro\u00dfen Ver\u00e4nderungen der letzten Jahre, unter anderem mit Berichten \u00fcber [&hellip;]<\/p>\n","protected":false},"author":1,"featured_media":300,"parent":0,"menu_order":0,"comment_status":"closed","ping_status":"closed","template":"","meta":{"_themeisle_gutenberg_block_has_review":false,"footnotes":""},"_links":{"self":[{"href":"https:\/\/asciburgia.org\/asoadmin\/index.php?rest_route=\/wp\/v2\/pages\/233"}],"collection":[{"href":"https:\/\/asciburgia.org\/asoadmin\/index.php?rest_route=\/wp\/v2\/pages"}],"about":[{"href":"https:\/\/asciburgia.org\/asoadmin\/index.php?rest_route=\/wp\/v2\/types\/page"}],"author":[{"embeddable":true,"href":"https:\/\/asciburgia.org\/asoadmin\/index.php?rest_route=\/wp\/v2\/users\/1"}],"replies":[{"embeddable":true,"href":"https:\/\/asciburgia.org\/asoadmin\/index.php?rest_route=%2Fwp%2Fv2%2Fcomments&post=233"}],"version-history":[{"count":26,"href":"https:\/\/asciburgia.org\/asoadmin\/index.php?rest_route=\/wp\/v2\/pages\/233\/revisions"}],"predecessor-version":[{"id":397,"href":"https:\/\/asciburgia.org\/asoadmin\/index.php?rest_route=\/wp\/v2\/pages\/233\/revisions\/397"}],"wp:featuredmedia":[{"embeddable":true,"href":"https:\/\/asciburgia.org\/asoadmin\/index.php?rest_route=\/wp\/v2\/media\/300"}],"wp:attachment":[{"href":"https:\/\/asciburgia.org\/asoadmin\/index.php?rest_route=%2Fwp%2Fv2%2Fmedia&parent=233"}],"curies":[{"name":"wp","href":"https:\/\/api.w.org\/{rel}","templated":true}]}}